{"id":18232,"date":"2025-11-27T15:11:29","date_gmt":"2025-11-27T14:11:29","guid":{"rendered":"https:\/\/termishy.pl\/?post_type=product&#038;p=18232"},"modified":"2025-11-27T15:56:45","modified_gmt":"2025-11-27T14:56:45","slug":"szczotkus-do-wc","status":"publish","type":"product","link":"https:\/\/termishy.pl\/?product=szczotkus-do-wc","title":{"rendered":"Szczotku\u015b do WC"},"content":{"rendered":"\t\t<div data-elementor-type=\"product-post\" data-elementor-id=\"18232\" class=\"elementor elementor-18232\" data-elementor-post-type=\"product\">\n\t\t\t\t<div class=\"elementor-element elementor-element-b48ca17 e-flex e-con-boxed e-con e-parent\" data-id=\"b48ca17\" data-element_type=\"container\">\n\t\t\t\t\t<div class=\"e-con-inner\">\n\t\t<div class=\"elementor-element elementor-element-60ebf36 e-con-full e-flex e-con e-child\" data-id=\"60ebf36\" data-element_type=\"container\">\n\t\t\t\t<div class=\"elementor-element elementor-element-ab1b43a elementor-widget elementor-widget-image\" data-id=\"ab1b43a\" data-element_type=\"widget\" data-widget_type=\"image.default\">\n\t\t\t\t<div class=\"elementor-widget-container\">\n\t\t\t\t\t\t\t\t\t\t\t\t\t<img fetchpriority=\"high\" decoding=\"async\" width=\"462\" height=\"487\" src=\"https:\/\/termishy.pl\/wp-content\/uploads\/2025\/11\/Zrzut-ekranu-2025-11-27-155404.png\" class=\"attachment-large size-large wp-image-18263\" alt=\"\" srcset=\"https:\/\/termishy.pl\/wp-content\/uploads\/2025\/11\/Zrzut-ekranu-2025-11-27-155404.png 462w, https:\/\/termishy.pl\/wp-content\/uploads\/2025\/11\/Zrzut-ekranu-2025-11-27-155404-285x300.png 285w\" sizes=\"(max-width: 462px) 100vw, 462px\" \/>\t\t\t\t\t\t\t\t\t\t\t\t\t<\/div>\n\t\t\t\t<\/div>\n\t\t\t\t<\/div>\n\t\t<div class=\"elementor-element elementor-element-2933edf e-con-full e-flex e-con e-child\" data-id=\"2933edf\" data-element_type=\"container\">\n\t\t\t\t<div class=\"elementor-element elementor-element-f40c537 elementor-widget elementor-widget-text-editor\" data-id=\"f40c537\" data-element_type=\"widget\" data-widget_type=\"text-editor.default\">\n\t\t\t\t<div class=\"elementor-widget-container\">\n\t\t\t\t\t\t\t<p><strong>Nie martw si\u0119, \u017ce zabraknie Ci ko\u0144c\u00f3wek. W ka\u017cdej chwili mo\u017cesz uzupe\u0142ni\u0107 zapasy bez konieczno\u015bci kupowania nowego Szczotkusia:)<\/strong><\/p>\t\t\t\t\t\t<\/div>\n\t\t\t\t<\/div>\n\t\t\t\t<div class=\"elementor-element elementor-element-a46226e elementor-align-center elementor-widget__width-auto elementor-widget elementor-widget-button\" data-id=\"a46226e\" data-element_type=\"widget\" data-widget_type=\"button.default\">\n\t\t\t\t<div class=\"elementor-widget-container\">\n\t\t\t\t\t<div class=\"elementor-button-wrapper\">\n\t\t\t<a class=\"elementor-button elementor-button-link elementor-size-sm\" href=\"https:\/\/termishy.pl\/?page_id=18257\">\n\t\t\t\t\t\t<span class=\"elementor-button-content-wrapper\">\n\t\t\t\t\t\t\t\t\t<span class=\"elementor-button-text\">Tu kupisz Ko\u0144c\u00f3wki<\/span>\n\t\t\t\t\t<\/span>\n\t\t\t\t\t<\/a>\n\t\t<\/div>\n\t\t\t\t<\/div>\n\t\t\t\t<\/div>\n\t\t\t\t<\/div>\n\t\t\t\t\t<\/div>\n\t\t\t\t<\/div>\n\t\t\t\t<\/div>\n\t\t","protected":false},"excerpt":{"rendered":"<p>Nie martw si\u0119, \u017ce zabraknie Ci ko\u0144c\u00f3wek. W ka\u017cdej chwili mo\u017cesz uzupe\u0142ni\u0107 zapasy bez konieczno\u015bci kupowania nowego Szczotkusia:) Tu kupisz Ko\u0144c\u00f3wki<\/p>\n","protected":false},"featured_media":18236,"comment_status":"open","ping_status":"closed","template":"","meta":{"om_disable_all_campaigns":false,"_monsterinsights_skip_tracking":false,"_monsterinsights_sitenote_active":false,"_monsterinsights_sitenote_note":"","_monsterinsights_sitenote_category":0},"product_brand":[],"product_cat":[15],"product_tag":[],"class_list":{"0":"post-18232","1":"product","2":"type-product","3":"status-publish","4":"has-post-thumbnail","6":"product_cat-bez-kategorii","8":"first","9":"instock","10":"sale","11":"shipping-taxable","12":"purchasable","13":"product-type-simple"},"aioseo_notices":[],"_links":{"self":[{"href":"https:\/\/termishy.pl\/index.php?rest_route=\/wp\/v2\/product\/18232","targetHints":{"allow":["GET"]}}],"collection":[{"href":"https:\/\/termishy.pl\/index.php?rest_route=\/wp\/v2\/product"}],"about":[{"href":"https:\/\/termishy.pl\/index.php?rest_route=\/wp\/v2\/types\/product"}],"replies":[{"embeddable":true,"href":"https:\/\/termishy.pl\/index.php?rest_route=%2Fwp%2Fv2%2Fcomments&post=18232"}],"version-history":[{"count":11,"href":"https:\/\/termishy.pl\/index.php?rest_route=\/wp\/v2\/product\/18232\/revisions"}],"predecessor-version":[{"id":18269,"href":"https:\/\/termishy.pl\/index.php?rest_route=\/wp\/v2\/product\/18232\/revisions\/18269"}],"wp:featuredmedia":[{"embeddable":true,"href":"https:\/\/termishy.pl\/index.php?rest_route=\/wp\/v2\/media\/18236"}],"wp:attachment":[{"href":"https:\/\/termishy.pl\/index.php?rest_route=%2Fwp%2Fv2%2Fmedia&parent=18232"}],"wp:term":[{"taxonomy":"product_brand","embeddable":true,"href":"https:\/\/termishy.pl\/index.php?rest_route=%2Fwp%2Fv2%2Fproduct_brand&post=18232"},{"taxonomy":"product_cat","embeddable":true,"href":"https:\/\/termishy.pl\/index.php?rest_route=%2Fwp%2Fv2%2Fproduct_cat&post=18232"},{"taxonomy":"product_tag","embeddable":true,"href":"https:\/\/termishy.pl\/index.php?rest_route=%2Fwp%2Fv2%2Fproduct_tag&post=18232"}],"curies":[{"name":"wp","href":"https:\/\/api.w.org\/{rel}","templated":true}]}}