{"id":18257,"date":"2025-11-27T15:52:42","date_gmt":"2025-11-27T14:52:42","guid":{"rendered":"https:\/\/termishy.pl\/?page_id=18257"},"modified":"2025-11-27T15:54:10","modified_gmt":"2025-11-27T14:54:10","slug":"wszystkie-produkty","status":"publish","type":"page","link":"https:\/\/termishy.pl\/?page_id=18257","title":{"rendered":"Wszystkie produkty"},"content":{"rendered":"\t\t<div data-elementor-type=\"wp-page\" data-elementor-id=\"18257\" class=\"elementor elementor-18257\" data-elementor-post-type=\"page\">\n\t\t\t\t<div class=\"elementor-element elementor-element-92d17ad e-flex e-con-boxed e-con e-parent\" data-id=\"92d17ad\" data-element_type=\"container\">\n\t\t\t\t\t<div class=\"e-con-inner\">\n\t\t\t\t<div class=\"elementor-element elementor-element-dcb4367 variations-visible-n variations-type-default layout-content_below_img btn-position-below_image onsale-h-position-left onsale-v-position-top label-position-left icon-visibility-y elementor-widget elementor-widget-the7-wc-products\" data-id=\"dcb4367\" data-element_type=\"widget\" data-settings=\"{&quot;show_variations&quot;:&quot;n&quot;,&quot;show_add_to_cart&quot;:&quot;y&quot;}\" data-widget_type=\"the7-wc-products.default\">\n\t\t\t\t<div class=\"elementor-widget-container\">\n\t\t\t<div class=\"products-shortcode the7-elementor-widget loading-effect-none the7-wc-products-dcb4367 mode-grid dt-css-grid-wrap cart-btn-below-img wc-img-hover resize-by-browser-width jquery-filter\" data-padding=\"0\" data-cur-page=\"1\" data-wide-desktop-columns-num=\"3\" data-desktop-columns-num=\"3\" data-v-tablet-columns-num=\"2\" data-phone-columns-num=\"1\" data-post-limit=\"-1\" data-pagination-mode=\"none\" data-scroll-offset=\"\"><div class=\"dt-css-grid custom-pagination-handler\"><div class=\"visible wf-cell product-wrap\" data-post-id=\"18255\">\n\t\t<article class=\"post visible description-off product type-product post-18255 status-publish first instock product_cat-bez-kategorii has-post-thumbnail shipping-taxable purchasable product-type-simple project-odd\">\n\t\t\t<figure class=\"woocom-project\">\n\t\t\t\t<div class=\"trigger-img-hover woo-buttons-on-img\">\n\n\t\t\t\t\t<div class=\"img-border\"><a href=\"https:\/\/termishy.pl\/?product=36-koncowek-do-szczotkusia\" class=\"alignnone img-wrap layzr-bg img-css-resize-wrapper\"><img fetchpriority=\"high\" decoding=\"async\" width=\"800\" height=\"800\" src=\"data:image\/svg+xml,%3Csvg%20xmlns%3D&#039;http%3A%2F%2Fwww.w3.org%2F2000%2Fsvg&#039;%20viewBox%3D&#039;0%200%20800%20800&#039;%2F%3E\" class=\"attachment-full size-full preload-me aspect lazy lazy-load\" alt=\"36 Ko\u0144c\u00f3wek do Szczotkusia\" sizes=\"(max-width: 800px) 100vw, 800px\" style=\"--ratio: 800 \/ 800;\" data-src=\"https:\/\/termishy.pl\/wp-content\/uploads\/2025\/11\/H14e3b57b600d4c92a072dfedadaf42a6i.jpg\" loading=\"eager\" data-srcset=\"https:\/\/termishy.pl\/wp-content\/uploads\/2025\/11\/H14e3b57b600d4c92a072dfedadaf42a6i.jpg 800w, https:\/\/termishy.pl\/wp-content\/uploads\/2025\/11\/H14e3b57b600d4c92a072dfedadaf42a6i-300x300.jpg 300w, https:\/\/termishy.pl\/wp-content\/uploads\/2025\/11\/H14e3b57b600d4c92a072dfedadaf42a6i-150x150.jpg 150w, https:\/\/termishy.pl\/wp-content\/uploads\/2025\/11\/H14e3b57b600d4c92a072dfedadaf42a6i-768x768.jpg 768w, https:\/\/termishy.pl\/wp-content\/uploads\/2025\/11\/H14e3b57b600d4c92a072dfedadaf42a6i-200x200.jpg 200w\" \/><\/a><\/div>\n\t\t\t\t<\/div>\n\t\t\t\t<figcaption class=\"woocom-list-content\">\n\n\t\t\t\t\t<h4 class=\"product-title \"><a href=\"https:\/\/termishy.pl\/?product=36-koncowek-do-szczotkusia\" title=\"36 Ko\u0144c\u00f3wek do Szczotkusia\" rel=\"bookmark\">36 Ko\u0144c\u00f3wek do Szczotkusia<\/a><\/h4><span class=\"price\"><span class=\"woocommerce-Price-amount amount\">49,00&nbsp;<span class=\"woocommerce-Price-currencySymbol\">&#122;&#322;<\/span><\/span><\/span><div class=\"woo-list-buttons\"><a data-product_id=\"18255\" data-product_sku=\"\" aria-label=\"Dodaj do koszyka: &bdquo;36 Ko\u0144c\u00f3wek do Szczotkusia&rdquo;\" rel=\"nofollow\" href=\"?add-to-cart=18255\" data-quantity=\"1\" data-widget-id=\"dcb4367\" class=\"product_type_simple add_to_cart_button ajax_add_to_cart box-button elementor-button elementor-size-md\">Dodaj do koszyka<svg aria-hidden=\"true\" class=\"elementor-button-icon e-font-icon-svg e-fas-shopping-cart\" viewBox=\"0 0 576 512\" xmlns=\"http:\/\/www.w3.org\/2000\/svg\"><path d=\"M528.12 301.319l47.273-208C578.806 78.301 567.391 64 551.99 64H159.208l-9.166-44.81C147.758 8.021 137.93 0 126.529 0H24C10.745 0 0 10.745 0 24v16c0 13.255 10.745 24 24 24h69.883l70.248 343.435C147.325 417.1 136 435.222 136 456c0 30.928 25.072 56 56 56s56-25.072 56-56c0-15.674-6.447-29.835-16.824-40h209.647C430.447 426.165 424 440.326 424 456c0 30.928 25.072 56 56 56s56-25.072 56-56c0-22.172-12.888-41.332-31.579-50.405l5.517-24.276c3.413-15.018-8.002-29.319-23.403-29.319H218.117l-6.545-32h293.145c11.206 0 20.92-7.754 23.403-18.681z\"><\/path><\/svg><\/a><\/div>\n\t\t\t\t<\/figcaption>\n\t\t\t<\/figure>\n\t\t<\/article>\n\n\t\t<\/div><div class=\"visible wf-cell product-wrap\" data-post-id=\"18232\">\n\t\t<article class=\"post visible product type-product post-18232 status-publish instock product_cat-bez-kategorii has-post-thumbnail sale shipping-taxable purchasable product-type-simple project-odd\">\n\t\t\t<figure class=\"woocom-project\">\n\t\t\t\t<div class=\"trigger-img-hover woo-buttons-on-img\">\n\n\t\t\t\t\t\n\t<span class=\"onsale\">Promocja!<\/span>\n\t<div class=\"img-border\"><a href=\"https:\/\/termishy.pl\/?product=szczotkus-do-wc\" class=\"alignnone img-wrap layzr-bg img-css-resize-wrapper\"><img decoding=\"async\" width=\"800\" height=\"800\" src=\"data:image\/svg+xml,%3Csvg%20xmlns%3D&#039;http%3A%2F%2Fwww.w3.org%2F2000%2Fsvg&#039;%20viewBox%3D&#039;0%200%20800%20800&#039;%2F%3E\" class=\"attachment-full size-full preload-me aspect lazy lazy-load\" alt=\"Szczotku\u015b do WC\" sizes=\"(max-width: 800px) 100vw, 800px\" style=\"--ratio: 800 \/ 800;\" data-src=\"https:\/\/termishy.pl\/wp-content\/uploads\/2025\/11\/H419a5ddc84b8405fb1cdbb9b99a581b2K.jpg\" loading=\"eager\" data-srcset=\"https:\/\/termishy.pl\/wp-content\/uploads\/2025\/11\/H419a5ddc84b8405fb1cdbb9b99a581b2K.jpg 800w, https:\/\/termishy.pl\/wp-content\/uploads\/2025\/11\/H419a5ddc84b8405fb1cdbb9b99a581b2K-300x300.jpg 300w, https:\/\/termishy.pl\/wp-content\/uploads\/2025\/11\/H419a5ddc84b8405fb1cdbb9b99a581b2K-150x150.jpg 150w, https:\/\/termishy.pl\/wp-content\/uploads\/2025\/11\/H419a5ddc84b8405fb1cdbb9b99a581b2K-768x768.jpg 768w, https:\/\/termishy.pl\/wp-content\/uploads\/2025\/11\/H419a5ddc84b8405fb1cdbb9b99a581b2K-200x200.jpg 200w\" \/><img decoding=\"async\" width=\"800\" height=\"800\" src=\"data:image\/svg+xml,%3Csvg%20xmlns%3D&#039;http%3A%2F%2Fwww.w3.org%2F2000%2Fsvg&#039;%20viewBox%3D&#039;0%200%20800%20800&#039;%2F%3E\" class=\"show-on-hover back-image preload-me aspect lazy lazy-load\" alt=\"\" sizes=\"(max-width: 800px) 100vw, 800px\" style=\"--ratio: 800 \/ 800;\" data-src=\"https:\/\/termishy.pl\/wp-content\/uploads\/2025\/11\/Termishy-Szczotka.png\" loading=\"eager\" data-srcset=\"https:\/\/termishy.pl\/wp-content\/uploads\/2025\/11\/Termishy-Szczotka.png 800w, https:\/\/termishy.pl\/wp-content\/uploads\/2025\/11\/Termishy-Szczotka-300x300.png 300w, https:\/\/termishy.pl\/wp-content\/uploads\/2025\/11\/Termishy-Szczotka-150x150.png 150w, https:\/\/termishy.pl\/wp-content\/uploads\/2025\/11\/Termishy-Szczotka-768x768.png 768w, https:\/\/termishy.pl\/wp-content\/uploads\/2025\/11\/Termishy-Szczotka-200x200.png 200w\" \/><\/a><\/div>\n\t\t\t\t<\/div>\n\t\t\t\t<figcaption class=\"woocom-list-content\">\n\n\t\t\t\t\t<h4 class=\"product-title \"><a href=\"https:\/\/termishy.pl\/?product=szczotkus-do-wc\" title=\"Szczotku\u015b do WC\" rel=\"bookmark\">Szczotku\u015b do WC<\/a><\/h4><span class=\"price\"><del aria-hidden=\"true\"><span class=\"woocommerce-Price-amount amount\">159,00&nbsp;<span class=\"woocommerce-Price-currencySymbol\">&#122;&#322;<\/span><\/span><\/del> <span class=\"screen-reader-text\">Pierwotna cena wynosi\u0142a: 159,00&nbsp;&#122;&#322;.<\/span><ins aria-hidden=\"true\"><span class=\"woocommerce-Price-amount amount\">99,00&nbsp;<span class=\"woocommerce-Price-currencySymbol\">&#122;&#322;<\/span><\/span><\/ins><span class=\"screen-reader-text\">Aktualna cena wynosi: 99,00&nbsp;&#122;&#322;.<\/span><\/span><div class=\"woo-list-buttons\"><a data-product_id=\"18232\" data-product_sku=\"\" aria-label=\"Dodaj do koszyka: &bdquo;Szczotku\u015b do WC&rdquo;\" rel=\"nofollow\" href=\"?add-to-cart=18232\" data-quantity=\"1\" data-widget-id=\"dcb4367\" class=\"product_type_simple add_to_cart_button ajax_add_to_cart box-button elementor-button elementor-size-md\">Dodaj do koszyka<svg aria-hidden=\"true\" class=\"elementor-button-icon e-font-icon-svg e-fas-shopping-cart\" viewBox=\"0 0 576 512\" xmlns=\"http:\/\/www.w3.org\/2000\/svg\"><path d=\"M528.12 301.319l47.273-208C578.806 78.301 567.391 64 551.99 64H159.208l-9.166-44.81C147.758 8.021 137.93 0 126.529 0H24C10.745 0 0 10.745 0 24v16c0 13.255 10.745 24 24 24h69.883l70.248 343.435C147.325 417.1 136 435.222 136 456c0 30.928 25.072 56 56 56s56-25.072 56-56c0-15.674-6.447-29.835-16.824-40h209.647C430.447 426.165 424 440.326 424 456c0 30.928 25.072 56 56 56s56-25.072 56-56c0-22.172-12.888-41.332-31.579-50.405l5.517-24.276c3.413-15.018-8.002-29.319-23.403-29.319H218.117l-6.545-32h293.145c11.206 0 20.92-7.754 23.403-18.681z\"><\/path><\/svg><\/a><\/div>\n\t\t\t\t<\/figcaption>\n\t\t\t<\/figure>\n\t\t<\/article>\n\n\t\t<\/div><div class=\"visible wf-cell product-wrap\" data-post-id=\"17833\">\n\t\t<article class=\"post visible product type-product post-17833 status-publish instock product_cat-bez-kategorii has-post-thumbnail sale shipping-taxable purchasable product-type-simple project-odd\">\n\t\t\t<figure class=\"woocom-project\">\n\t\t\t\t<div class=\"trigger-img-hover woo-buttons-on-img\">\n\n\t\t\t\t\t\n\t<span class=\"onsale\">Promocja!<\/span>\n\t<div class=\"img-border\"><a href=\"https:\/\/termishy.pl\/?product=maseczkarka-termishy\" class=\"alignnone img-wrap layzr-bg img-css-resize-wrapper\"><img decoding=\"async\" width=\"2560\" height=\"2560\" src=\"data:image\/svg+xml,%3Csvg%20xmlns%3D&#039;http%3A%2F%2Fwww.w3.org%2F2000%2Fsvg&#039;%20viewBox%3D&#039;0%200%202560%202560&#039;%2F%3E\" class=\"attachment-full size-full preload-me aspect lazy lazy-load\" alt=\"Maseczkarka TERMISHY\" sizes=\"(max-width: 2560px) 100vw, 2560px\" style=\"--ratio: 2560 \/ 2560;\" data-src=\"https:\/\/termishy.pl\/wp-content\/uploads\/2025\/07\/IMG_0588-scaled.jpeg\" loading=\"eager\" data-srcset=\"https:\/\/termishy.pl\/wp-content\/uploads\/2025\/07\/IMG_0588-scaled.jpeg 2560w, https:\/\/termishy.pl\/wp-content\/uploads\/2025\/07\/IMG_0588-300x300.jpeg 300w, https:\/\/termishy.pl\/wp-content\/uploads\/2025\/07\/IMG_0588-1024x1024.jpeg 1024w, https:\/\/termishy.pl\/wp-content\/uploads\/2025\/07\/IMG_0588-150x150.jpeg 150w, https:\/\/termishy.pl\/wp-content\/uploads\/2025\/07\/IMG_0588-768x768.jpeg 768w, https:\/\/termishy.pl\/wp-content\/uploads\/2025\/07\/IMG_0588-1536x1536.jpeg 1536w, https:\/\/termishy.pl\/wp-content\/uploads\/2025\/07\/IMG_0588-2048x2048.jpeg 2048w, https:\/\/termishy.pl\/wp-content\/uploads\/2025\/07\/IMG_0588-1000x1000.jpeg 1000w, https:\/\/termishy.pl\/wp-content\/uploads\/2025\/07\/IMG_0588-200x200.jpeg 200w\" \/><img decoding=\"async\" width=\"2560\" height=\"2560\" src=\"data:image\/svg+xml,%3Csvg%20xmlns%3D&#039;http%3A%2F%2Fwww.w3.org%2F2000%2Fsvg&#039;%20viewBox%3D&#039;0%200%202560%202560&#039;%2F%3E\" class=\"show-on-hover back-image preload-me aspect lazy lazy-load\" alt=\"\" sizes=\"(max-width: 2560px) 100vw, 2560px\" style=\"--ratio: 2560 \/ 2560;\" data-src=\"https:\/\/termishy.pl\/wp-content\/uploads\/2025\/07\/IMG_0592-scaled.jpeg\" loading=\"eager\" data-srcset=\"https:\/\/termishy.pl\/wp-content\/uploads\/2025\/07\/IMG_0592-scaled.jpeg 2560w, https:\/\/termishy.pl\/wp-content\/uploads\/2025\/07\/IMG_0592-300x300.jpeg 300w, https:\/\/termishy.pl\/wp-content\/uploads\/2025\/07\/IMG_0592-1024x1024.jpeg 1024w, https:\/\/termishy.pl\/wp-content\/uploads\/2025\/07\/IMG_0592-150x150.jpeg 150w, https:\/\/termishy.pl\/wp-content\/uploads\/2025\/07\/IMG_0592-768x768.jpeg 768w, https:\/\/termishy.pl\/wp-content\/uploads\/2025\/07\/IMG_0592-1536x1536.jpeg 1536w, https:\/\/termishy.pl\/wp-content\/uploads\/2025\/07\/IMG_0592-2048x2048.jpeg 2048w, https:\/\/termishy.pl\/wp-content\/uploads\/2025\/07\/IMG_0592-1000x1000.jpeg 1000w, https:\/\/termishy.pl\/wp-content\/uploads\/2025\/07\/IMG_0592-200x200.jpeg 200w\" \/><\/a><\/div>\n\t\t\t\t<\/div>\n\t\t\t\t<figcaption class=\"woocom-list-content\">\n\n\t\t\t\t\t<h4 class=\"product-title \"><a href=\"https:\/\/termishy.pl\/?product=maseczkarka-termishy\" title=\"Maseczkarka TERMISHY\" rel=\"bookmark\">Maseczkarka TERMISHY<\/a><\/h4><span class=\"price\"><del aria-hidden=\"true\"><span class=\"woocommerce-Price-amount amount\">449,00&nbsp;<span class=\"woocommerce-Price-currencySymbol\">&#122;&#322;<\/span><\/span><\/del> <span class=\"screen-reader-text\">Pierwotna cena wynosi\u0142a: 449,00&nbsp;&#122;&#322;.<\/span><ins aria-hidden=\"true\"><span class=\"woocommerce-Price-amount amount\">299,00&nbsp;<span class=\"woocommerce-Price-currencySymbol\">&#122;&#322;<\/span><\/span><\/ins><span class=\"screen-reader-text\">Aktualna cena wynosi: 299,00&nbsp;&#122;&#322;.<\/span><\/span><div class=\"star-rating-wrap\"><div class=\"star-rating\" role=\"img\" aria-label=\"Oceniono 4.93 na 5\"><span style=\"width:98.6%\">Oceniono <strong class=\"rating\">4.93<\/strong> na 5<\/span><\/div><\/div><div class=\"woo-list-buttons\"><a data-product_id=\"17833\" data-product_sku=\"\" aria-label=\"Dodaj do koszyka: &bdquo;Maseczkarka TERMISHY&rdquo;\" rel=\"nofollow\" href=\"?add-to-cart=17833\" data-quantity=\"1\" data-widget-id=\"dcb4367\" class=\"product_type_simple add_to_cart_button ajax_add_to_cart box-button elementor-button elementor-size-md\">Dodaj do koszyka<svg aria-hidden=\"true\" class=\"elementor-button-icon e-font-icon-svg e-fas-shopping-cart\" viewBox=\"0 0 576 512\" xmlns=\"http:\/\/www.w3.org\/2000\/svg\"><path d=\"M528.12 301.319l47.273-208C578.806 78.301 567.391 64 551.99 64H159.208l-9.166-44.81C147.758 8.021 137.93 0 126.529 0H24C10.745 0 0 10.745 0 24v16c0 13.255 10.745 24 24 24h69.883l70.248 343.435C147.325 417.1 136 435.222 136 456c0 30.928 25.072 56 56 56s56-25.072 56-56c0-15.674-6.447-29.835-16.824-40h209.647C430.447 426.165 424 440.326 424 456c0 30.928 25.072 56 56 56s56-25.072 56-56c0-22.172-12.888-41.332-31.579-50.405l5.517-24.276c3.413-15.018-8.002-29.319-23.403-29.319H218.117l-6.545-32h293.145c11.206 0 20.92-7.754 23.403-18.681z\"><\/path><\/svg><\/a><\/div>\n\t\t\t\t<\/figcaption>\n\t\t\t<\/figure>\n\t\t<\/article>\n\n\t\t<\/div><\/div><\/div><div class=\"hidden added-to-cart-icon-template\"><svg aria-hidden=\"true\" class=\" e-font-icon-svg e-fas-shopping-cart\" viewBox=\"0 0 576 512\" xmlns=\"http:\/\/www.w3.org\/2000\/svg\"><path d=\"M528.12 301.319l47.273-208C578.806 78.301 567.391 64 551.99 64H159.208l-9.166-44.81C147.758 8.021 137.93 0 126.529 0H24C10.745 0 0 10.745 0 24v16c0 13.255 10.745 24 24 24h69.883l70.248 343.435C147.325 417.1 136 435.222 136 456c0 30.928 25.072 56 56 56s56-25.072 56-56c0-15.674-6.447-29.835-16.824-40h209.647C430.447 426.165 424 440.326 424 456c0 30.928 25.072 56 56 56s56-25.072 56-56c0-22.172-12.888-41.332-31.579-50.405l5.517-24.276c3.413-15.018-8.002-29.319-23.403-29.319H218.117l-6.545-32h293.145c11.206 0 20.92-7.754 23.403-18.681z\"><\/path><\/svg><\/div>\t\t<\/div>\n\t\t\t\t<\/div>\n\t\t\t\t\t<\/div>\n\t\t\t\t<\/div>\n\t\t\t\t<\/div>\n\t\t","protected":false},"excerpt":{"rendered":"<p>36 Ko\u0144c\u00f3wek do Szczotkusia 49,00&nbsp;&#122;&#322;Dodaj do koszyka Promocja! Szczotku\u015b do WC 159,00&nbsp;&#122;&#322; Pierwotna cena wynosi\u0142a: 159,00&nbsp;&#122;&#322;.99,00&nbsp;&#122;&#322;Aktualna cena wynosi: 99,00&nbsp;&#122;&#322;.Dodaj do koszyka Promocja! Maseczkarka TERMISHY 449,00&nbsp;&#122;&#322; Pierwotna cena wynosi\u0142a: 449,00&nbsp;&#122;&#322;.299,00&nbsp;&#122;&#322;Aktualna cena wynosi: 299,00&nbsp;&#122;&#322;.Oceniono 4.93 na 5Dodaj do koszyka<\/p>\n","protected":false},"author":3,"featured_media":0,"parent":0,"menu_order":0,"comment_status":"closed","ping_status":"closed","template":"","meta":{"om_disable_all_campaigns":false,"_monsterinsights_skip_tracking":false,"_monsterinsights_sitenote_active":false,"_monsterinsights_sitenote_note":"","_monsterinsights_sitenote_category":0,"footnotes":""},"class_list":["post-18257","page","type-page","status-publish","hentry"],"aioseo_notices":[],"_links":{"self":[{"href":"https:\/\/termishy.pl\/index.php?rest_route=\/wp\/v2\/pages\/18257","targetHints":{"allow":["GET"]}}],"collection":[{"href":"https:\/\/termishy.pl\/index.php?rest_route=\/wp\/v2\/pages"}],"about":[{"href":"https:\/\/termishy.pl\/index.php?rest_route=\/wp\/v2\/types\/page"}],"author":[{"embeddable":true,"href":"https:\/\/termishy.pl\/index.php?rest_route=\/wp\/v2\/users\/3"}],"replies":[{"embeddable":true,"href":"https:\/\/termishy.pl\/index.php?rest_route=%2Fwp%2Fv2%2Fcomments&post=18257"}],"version-history":[{"count":5,"href":"https:\/\/termishy.pl\/index.php?rest_route=\/wp\/v2\/pages\/18257\/revisions"}],"predecessor-version":[{"id":18262,"href":"https:\/\/termishy.pl\/index.php?rest_route=\/wp\/v2\/pages\/18257\/revisions\/18262"}],"wp:attachment":[{"href":"https:\/\/termishy.pl\/index.php?rest_route=%2Fwp%2Fv2%2Fmedia&parent=18257"}],"curies":[{"name":"wp","href":"https:\/\/api.w.org\/{rel}","templated":true}]}}