{"id":18170,"date":"2025-08-16T02:06:35","date_gmt":"2025-08-16T00:06:35","guid":{"rendered":"https:\/\/termishy.pl\/?page_id=18170"},"modified":"2025-08-16T02:10:17","modified_gmt":"2025-08-16T00:10:17","slug":"instrukcja-obslugi","status":"publish","type":"page","link":"https:\/\/termishy.pl\/?page_id=18170","title":{"rendered":"Instrukcja obs\u0142ugi"},"content":{"rendered":"\t\t<div data-elementor-type=\"wp-page\" data-elementor-id=\"18170\" class=\"elementor elementor-18170\" data-elementor-post-type=\"page\">\n\t\t\t\t<div class=\"elementor-element elementor-element-0189d81 e-flex e-con-boxed e-con e-parent\" data-id=\"0189d81\" data-element_type=\"container\" data-settings=\"{&quot;background_background&quot;:&quot;gradient&quot;}\">\n\t\t\t\t\t<div class=\"e-con-inner\">\n\t\t<div class=\"elementor-element elementor-element-8d0335c e-flex e-con-boxed e-con e-child\" data-id=\"8d0335c\" data-element_type=\"container\">\n\t\t\t\t\t<div class=\"e-con-inner\">\n\t\t\t\t<div class=\"elementor-element elementor-element-4602bf9 elementor-invisible elementor-widget elementor-widget-text-editor\" data-id=\"4602bf9\" data-element_type=\"widget\" data-settings=\"{&quot;_animation&quot;:&quot;fadeInUp&quot;}\" data-widget_type=\"text-editor.default\">\n\t\t\t\t<div class=\"elementor-widget-container\">\n\t\t\t\t\t\t\t<h4><b>Do jednej maseczki zawsze u\u017cywaj: \u203c\ufe0f <\/b><\/h4><p><span style=\"font-weight: 400;\">\u00a0 \u00a0 \u00a0 \u00a0 \u00a0 \u25cf 60 ml wody<br \/>\u00a0 \u00a0 \u00a0 \u00a0 \u00a0 <\/span>\u25cf 20 ml sk\u0142adnika aktywnego (np. og\u00f3rek, mi\u00f3d, przecier owocowy itp.)<br \/><span style=\"font-weight: 400;\">\u00a0 \u00a0 \u00a0 \u00a0 \u00a0 <\/span>\u25cf 1 tabletka kolagenu.<\/p><h4><b>Jak dobiera\u0107 sk\u0142adnik aktywny (20 ml):<\/b><\/h4><p><span style=\"font-weight: 400;\">Je\u015bli chcesz u\u017cy\u0107 czego\u015b g\u0119stego np. miodu, najpierw go rozcie\u0144cz wod\u0105, ale tak, aby ko\u0144cowa obj\u0119to\u015b\u0107 wynosi\u0142a <\/span><b>dok\u0142adnie 20 ml<\/b><span style=\"font-weight: 400;\">.<\/span><\/p><h5><b>Je\u015bli u\u017cywasz produkt\u00f3w twardych (np. marchewka, jab\u0142ko):<\/b><\/h5><p><span style=\"font-weight: 400;\"><strong>Nie wrzucaj ich bezpo\u015brednio<\/strong> \u2013 <\/span>u\u017cyj soku lub przecieru<span style=\"font-weight: 400;\"> z tych owoc\u00f3w\/warzyw.<\/span><\/p><p><span style=\"font-weight: 400;\">\u25cf Je\u015bli przecier jest zbyt g\u0119sty \u2013 rozcie\u0144cz go z\u00a0 wod\u0105 do uzyskania rzadszej konsystencji, <\/span><b>z zachowaniem \u0142\u0105cznej obj\u0119to\u015bci 20 ml.<\/b><b><br \/><\/b><b>Je\u015bli u\u017cywasz cieczy (np. sok z og\u00f3rka, rozcie\u0144czony mi\u00f3d, przecier jab\u0142kowy):<\/b><b><br \/><\/b><b>\u25cf<\/b><span style=\"font-weight: 400;\"> Odmierz <\/span><b>\u0142\u0105cznie 20 ml gotowej mieszanki<\/b><span style=\"font-weight: 400;\">.<\/span><\/p>\t\t\t\t\t\t<\/div>\n\t\t\t\t<\/div>\n\t\t\t\t\t<\/div>\n\t\t\t\t<\/div>\n\t\t<div class=\"elementor-element elementor-element-7b6b376 e-con-fit e-flex e-con e-child\" data-id=\"7b6b376\" data-element_type=\"container\" data-settings=\"{&quot;background_background&quot;:&quot;classic&quot;}\">\n\t\t\t\t<div class=\"elementor-element elementor-element-db572bc elementor-widget-mobile__width-auto elementor-position-top elementor-invisible elementor-widget elementor-widget-image-box\" data-id=\"db572bc\" data-element_type=\"widget\" data-settings=\"{&quot;_animation&quot;:&quot;fadeInUp&quot;}\" data-widget_type=\"image-box.default\">\n\t\t\t\t<div class=\"elementor-widget-container\">\n\t\t\t<div class=\"elementor-image-box-wrapper\"><figure class=\"elementor-image-box-img\"><img fetchpriority=\"high\" decoding=\"async\" width=\"1000\" height=\"1000\" src=\"https:\/\/termishy.pl\/wp-content\/uploads\/2025\/07\/co-to-jest-xd.png\" class=\"attachment-full size-full wp-image-17938\" alt=\"\" srcset=\"https:\/\/termishy.pl\/wp-content\/uploads\/2025\/07\/co-to-jest-xd.png 1000w, https:\/\/termishy.pl\/wp-content\/uploads\/2025\/07\/co-to-jest-xd-300x300.png 300w, https:\/\/termishy.pl\/wp-content\/uploads\/2025\/07\/co-to-jest-xd-150x150.png 150w, https:\/\/termishy.pl\/wp-content\/uploads\/2025\/07\/co-to-jest-xd-768x768.png 768w, https:\/\/termishy.pl\/wp-content\/uploads\/2025\/07\/co-to-jest-xd-200x200.png 200w\" sizes=\"(max-width: 1000px) 100vw, 1000px\" \/><\/figure><\/div>\t\t<\/div>\n\t\t\t\t<\/div>\n\t\t\t\t<\/div>\n\t\t\t\t\t<\/div>\n\t\t\t\t<\/div>\n\t\t\t\t<\/div>\n\t\t","protected":false},"excerpt":{"rendered":"<p>Do jednej maseczki zawsze u\u017cywaj: \u203c\ufe0f \u00a0 \u00a0 \u00a0 \u00a0 \u00a0 \u25cf 60 ml wody\u00a0 \u00a0 \u00a0 \u00a0 \u00a0 \u25cf 20 ml sk\u0142adnika aktywnego (np. og\u00f3rek, mi\u00f3d, przecier owocowy itp.)\u00a0 \u00a0 \u00a0 \u00a0 \u00a0 \u25cf 1 tabletka kolagenu. Jak dobiera\u0107 sk\u0142adnik aktywny (20 ml): Je\u015bli chcesz u\u017cy\u0107 czego\u015b g\u0119stego np. miodu, najpierw go rozcie\u0144cz wod\u0105,&hellip;<\/p>\n","protected":false},"author":3,"featured_media":0,"parent":0,"menu_order":0,"comment_status":"closed","ping_status":"closed","template":"","meta":{"om_disable_all_campaigns":false,"_monsterinsights_skip_tracking":false,"_monsterinsights_sitenote_active":false,"_monsterinsights_sitenote_note":"","_monsterinsights_sitenote_category":0,"footnotes":""},"class_list":["post-18170","page","type-page","status-publish","hentry"],"aioseo_notices":[],"_links":{"self":[{"href":"https:\/\/termishy.pl\/index.php?rest_route=\/wp\/v2\/pages\/18170","targetHints":{"allow":["GET"]}}],"collection":[{"href":"https:\/\/termishy.pl\/index.php?rest_route=\/wp\/v2\/pages"}],"about":[{"href":"https:\/\/termishy.pl\/index.php?rest_route=\/wp\/v2\/types\/page"}],"author":[{"embeddable":true,"href":"https:\/\/termishy.pl\/index.php?rest_route=\/wp\/v2\/users\/3"}],"replies":[{"embeddable":true,"href":"https:\/\/termishy.pl\/index.php?rest_route=%2Fwp%2Fv2%2Fcomments&post=18170"}],"version-history":[{"count":4,"href":"https:\/\/termishy.pl\/index.php?rest_route=\/wp\/v2\/pages\/18170\/revisions"}],"predecessor-version":[{"id":18177,"href":"https:\/\/termishy.pl\/index.php?rest_route=\/wp\/v2\/pages\/18170\/revisions\/18177"}],"wp:attachment":[{"href":"https:\/\/termishy.pl\/index.php?rest_route=%2Fwp%2Fv2%2Fmedia&parent=18170"}],"curies":[{"name":"wp","href":"https:\/\/api.w.org\/{rel}","templated":true}]}}