{"id":16072,"date":"2024-03-07T09:38:35","date_gmt":"2024-03-07T09:38:35","guid":{"rendered":"https:\/\/the7.io\/elementor-coffee\/?page_id=2"},"modified":"2025-08-05T02:40:08","modified_gmt":"2025-08-05T00:40:08","slug":"about","status":"publish","type":"page","link":"https:\/\/termishy.pl\/?page_id=16072","title":{"rendered":"O nas"},"content":{"rendered":"\t\t<div data-elementor-type=\"wp-page\" data-elementor-id=\"16072\" class=\"elementor elementor-16072\" data-elementor-post-type=\"page\">\n\t\t\t\t<div class=\"elementor-element elementor-element-3c78d2b e-con-full e-flex e-con e-child\" data-id=\"3c78d2b\" data-element_type=\"container\">\n\t\t\t\t<div class=\"elementor-element elementor-element-e058152 elementor-widget-divider--view-line elementor-widget elementor-widget-divider\" data-id=\"e058152\" data-element_type=\"widget\" data-widget_type=\"divider.default\">\n\t\t\t\t<div class=\"elementor-widget-container\">\n\t\t\t\t\t<div class=\"elementor-divider\">\n\t\t\t<span class=\"elementor-divider-separator\">\n\t\t\t\t\t\t<\/span>\n\t\t<\/div>\n\t\t\t\t<\/div>\n\t\t\t\t<\/div>\n\t\t\t\t<\/div>\n\t\t<div class=\"elementor-element elementor-element-8cb9bdc e-con-full e-flex e-con e-child\" data-id=\"8cb9bdc\" data-element_type=\"container\">\n\t\t\t\t<div class=\"elementor-element elementor-element-549e888 elementor-widget-divider--view-line elementor-widget elementor-widget-divider\" data-id=\"549e888\" data-element_type=\"widget\" data-widget_type=\"divider.default\">\n\t\t\t\t<div class=\"elementor-widget-container\">\n\t\t\t\t\t<div class=\"elementor-divider\">\n\t\t\t<span class=\"elementor-divider-separator\">\n\t\t\t\t\t\t<\/span>\n\t\t<\/div>\n\t\t\t\t<\/div>\n\t\t\t\t<\/div>\n\t\t\t\t<\/div>\n\t\t<div class=\"elementor-element elementor-element-9f43ecb e-flex e-con-boxed e-con e-parent\" data-id=\"9f43ecb\" data-element_type=\"container\" data-settings=\"{&quot;background_background&quot;:&quot;classic&quot;}\">\n\t\t\t\t\t<div class=\"e-con-inner\">\n\t\t<div class=\"elementor-element elementor-element-6bbc4678 e-con-full e-flex e-con e-child\" data-id=\"6bbc4678\" data-element_type=\"container\">\n\t\t\t\t<div class=\"elementor-element elementor-element-10a0f493 elementor-invisible elementor-widget elementor-widget-heading\" data-id=\"10a0f493\" data-element_type=\"widget\" data-settings=\"{&quot;_animation&quot;:&quot;fadeIn&quot;}\" data-widget_type=\"heading.default\">\n\t\t\t\t<div class=\"elementor-widget-container\">\n\t\t\t<h2 class=\"elementor-heading-title elementor-size-default\">O Nas<\/h2>\t\t<\/div>\n\t\t\t\t<\/div>\n\t\t\t\t<div class=\"elementor-element elementor-element-63db48d0 elementor-widget elementor-widget-text-editor\" data-id=\"63db48d0\" data-element_type=\"widget\" data-widget_type=\"text-editor.default\">\n\t\t\t\t<div class=\"elementor-widget-container\">\n\t\t\t\t\t\t\t<p data-start=\"241\" data-end=\"472\">Ile razy sta\u0142a\u015b przed p\u00f3\u0142k\u0105 w drogerii, patrz\u0105c na setki maseczek i pr\u00f3buj\u0105c znale\u017a\u0107 <em data-start=\"326\" data-end=\"336\">t\u0119 jedn\u0105<\/em>, kt\u00f3ra ma dobry sk\u0142ad? A potem i tak ko\u0144czy\u0142a\u015b z czym\u015b, co ma w sobie wi\u0119cej chemii ni\u017c naw\u00f3z.<\/p><p data-start=\"474\" data-end=\"565\">Nam te\u017c to si\u0119 zdarza\u0142o. Za cz\u0119sto.<br data-start=\"509\" data-end=\"512\" \/>Dlatego w pewnym momencie powiedzia\u0142y\u015bmy: <strong data-start=\"554\" data-end=\"562\">do\u015b\u0107<\/strong>.<\/p><p data-start=\"567\" data-end=\"871\">Stworzyli\u015bmy maseczkark\u0119 \u2013 urz\u0105dzenie, kt\u00f3re pozwala robi\u0107 <strong data-start=\"626\" data-end=\"660\">naturalne, \u015bwie\u017ce maseczki DIY<\/strong> w domu, w kilka minut. Takie, kt\u00f3re maj\u0105 dok\u0142adnie to, czego <strong data-start=\"722\" data-end=\"759\">Twoja sk\u00f3ra potrzebuje tu i teraz<\/strong>. Banana? Mi\u00f3d? Og\u00f3rek? Kolagen? Ty decydujesz. Bez podejrzanych sk\u0142adnik\u00f3w, bez konserwant\u00f3w, bez zgadywania.<\/p><p data-start=\"873\" data-end=\"910\">Bo kto zna Twoj\u0105 sk\u00f3r\u0119 lepiej ni\u017c Ty?<\/p><p data-start=\"912\" data-end=\"1267\">Nie musisz ju\u017c wybiera\u0107 z produkt\u00f3w, kt\u00f3re le\u017c\u0105 miesi\u0105cami w magazynach, pakowane w plastik, nas\u0105czone czym\u015b, czego nie potrafisz nawet wym\u00f3wi\u0107.<br data-start=\"1056\" data-end=\"1059\" \/>Zamiast tego: <strong data-start=\"1073\" data-end=\"1135\">\u015bwie\u017ca maseczka z prostych sk\u0142adnik\u00f3w, kt\u00f3re masz pod r\u0119k\u0105<\/strong>. Zero uczule\u0144 (bo to Ty wybierasz sk\u0142ad), zero \u015bciemy, a efekt? Cera m\u00f3wi &#8222;dzi\u0119kuj\u0119&#8221; od pierwszego u\u017cycia. I wszystko to za grosze.<\/p><p data-start=\"1269\" data-end=\"1369\">My nie tworzymy kosmetyk\u00f3w.<br data-start=\"1296\" data-end=\"1299\" \/>My dajemy Ci narz\u0119dzie, \u017ceby\u015b mog\u0142a tworzy\u0107 <strong data-start=\"1343\" data-end=\"1359\">swoje w\u0142asne<\/strong> \u2013 lepsze.<\/p>\t\t\t\t\t\t<\/div>\n\t\t\t\t<\/div>\n\t\t\t\t<div class=\"elementor-element elementor-element-a2b6ea3 e-grid-align-left e-grid-align-mobile-center elementor-shape-rounded elementor-grid-0 elementor-widget elementor-widget-social-icons\" data-id=\"a2b6ea3\" data-element_type=\"widget\" data-widget_type=\"social-icons.default\">\n\t\t\t\t<div class=\"elementor-widget-container\">\n\t\t\t\t\t<div class=\"elementor-social-icons-wrapper elementor-grid\">\n\t\t\t\t\t\t\t<span class=\"elementor-grid-item\">\n\t\t\t\t\t<a class=\"elementor-icon elementor-social-icon elementor-social-icon-facebook elementor-repeater-item-5516d79\" target=\"_blank\">\n\t\t\t\t\t\t<span class=\"elementor-screen-only\">Facebook<\/span>\n\t\t\t\t\t\t<svg class=\"e-font-icon-svg e-fab-facebook\" viewBox=\"0 0 512 512\" xmlns=\"http:\/\/www.w3.org\/2000\/svg\"><path d=\"M504 256C504 119 393 8 256 8S8 119 8 256c0 123.78 90.69 226.38 209.25 245V327.69h-63V256h63v-54.64c0-62.15 37-96.48 93.67-96.48 27.14 0 55.52 4.84 55.52 4.84v61h-31.28c-30.8 0-40.41 19.12-40.41 38.73V256h68.78l-11 71.69h-57.78V501C413.31 482.38 504 379.78 504 256z\"><\/path><\/svg>\t\t\t\t\t<\/a>\n\t\t\t\t<\/span>\n\t\t\t\t\t\t\t<span class=\"elementor-grid-item\">\n\t\t\t\t\t<a class=\"elementor-icon elementor-social-icon elementor-social-icon-instagram elementor-repeater-item-019b7d1\" target=\"_blank\">\n\t\t\t\t\t\t<span class=\"elementor-screen-only\">Instagram<\/span>\n\t\t\t\t\t\t<svg class=\"e-font-icon-svg e-fab-instagram\" viewBox=\"0 0 448 512\" xmlns=\"http:\/\/www.w3.org\/2000\/svg\"><path d=\"M224.1 141c-63.6 0-114.9 51.3-114.9 114.9s51.3 114.9 114.9 114.9S339 319.5 339 255.9 287.7 141 224.1 141zm0 189.6c-41.1 0-74.7-33.5-74.7-74.7s33.5-74.7 74.7-74.7 74.7 33.5 74.7 74.7-33.6 74.7-74.7 74.7zm146.4-194.3c0 14.9-12 26.8-26.8 26.8-14.9 0-26.8-12-26.8-26.8s12-26.8 26.8-26.8 26.8 12 26.8 26.8zm76.1 27.2c-1.7-35.9-9.9-67.7-36.2-93.9-26.2-26.2-58-34.4-93.9-36.2-37-2.1-147.9-2.1-184.9 0-35.8 1.7-67.6 9.9-93.9 36.1s-34.4 58-36.2 93.9c-2.1 37-2.1 147.9 0 184.9 1.7 35.9 9.9 67.7 36.2 93.9s58 34.4 93.9 36.2c37 2.1 147.9 2.1 184.9 0 35.9-1.7 67.7-9.9 93.9-36.2 26.2-26.2 34.4-58 36.2-93.9 2.1-37 2.1-147.8 0-184.8zM398.8 388c-7.8 19.6-22.9 34.7-42.6 42.6-29.5 11.7-99.5 9-132.1 9s-102.7 2.6-132.1-9c-19.6-7.8-34.7-22.9-42.6-42.6-11.7-29.5-9-99.5-9-132.1s-2.6-102.7 9-132.1c7.8-19.6 22.9-34.7 42.6-42.6 29.5-11.7 99.5-9 132.1-9s102.7-2.6 132.1 9c19.6 7.8 34.7 22.9 42.6 42.6 11.7 29.5 9 99.5 9 132.1s2.7 102.7-9 132.1z\"><\/path><\/svg>\t\t\t\t\t<\/a>\n\t\t\t\t<\/span>\n\t\t\t\t\t<\/div>\n\t\t\t\t<\/div>\n\t\t\t\t<\/div>\n\t\t\t\t<\/div>\n\t\t<div class=\"elementor-element elementor-element-4b1af3a3 e-con-full e-flex e-con e-child\" data-id=\"4b1af3a3\" data-element_type=\"container\">\n\t\t\t\t<div class=\"elementor-element elementor-element-f78403c elementor-widget elementor-widget-image\" data-id=\"f78403c\" data-element_type=\"widget\" data-widget_type=\"image.default\">\n\t\t\t\t<div class=\"elementor-widget-container\">\n\t\t\t\t\t\t\t\t\t\t\t\t\t<img fetchpriority=\"high\" decoding=\"async\" width=\"750\" height=\"750\" src=\"https:\/\/termishy.pl\/wp-content\/uploads\/2025\/06\/372497227522207.png\" class=\"attachment-large size-large wp-image-17022\" alt=\"\" srcset=\"https:\/\/termishy.pl\/wp-content\/uploads\/2025\/06\/372497227522207.png 750w, https:\/\/termishy.pl\/wp-content\/uploads\/2025\/06\/372497227522207-300x300.png 300w, https:\/\/termishy.pl\/wp-content\/uploads\/2025\/06\/372497227522207-150x150.png 150w, https:\/\/termishy.pl\/wp-content\/uploads\/2025\/06\/372497227522207-200x200.png 200w\" sizes=\"(max-width: 750px) 100vw, 750px\" \/>\t\t\t\t\t\t\t\t\t\t\t\t\t<\/div>\n\t\t\t\t<\/div>\n\t\t\t\t<\/div>\n\t\t\t\t\t<\/div>\n\t\t\t\t<\/div>\n\t\t\t\t<\/div>\n\t\t","protected":false},"excerpt":{"rendered":"<p>O Nas Ile razy sta\u0142a\u015b przed p\u00f3\u0142k\u0105 w drogerii, patrz\u0105c na setki maseczek i pr\u00f3buj\u0105c znale\u017a\u0107 t\u0119 jedn\u0105, kt\u00f3ra ma dobry sk\u0142ad? A potem i tak ko\u0144czy\u0142a\u015b z czym\u015b, co ma w sobie wi\u0119cej chemii ni\u017c naw\u00f3z. Nam te\u017c to si\u0119 zdarza\u0142o. Za cz\u0119sto.Dlatego w pewnym momencie powiedzia\u0142y\u015bmy: do\u015b\u0107. Stworzyli\u015bmy maseczkark\u0119 \u2013 urz\u0105dzenie, kt\u00f3re pozwala&hellip;<\/p>\n","protected":false},"author":3,"featured_media":0,"parent":0,"menu_order":0,"comment_status":"closed","ping_status":"closed","template":"","meta":{"om_disable_all_campaigns":false,"_monsterinsights_skip_tracking":false,"_monsterinsights_sitenote_active":false,"_monsterinsights_sitenote_note":"","_monsterinsights_sitenote_category":0,"footnotes":""},"class_list":["post-16072","page","type-page","status-publish","hentry"],"aioseo_notices":[],"_links":{"self":[{"href":"https:\/\/termishy.pl\/index.php?rest_route=\/wp\/v2\/pages\/16072","targetHints":{"allow":["GET"]}}],"collection":[{"href":"https:\/\/termishy.pl\/index.php?rest_route=\/wp\/v2\/pages"}],"about":[{"href":"https:\/\/termishy.pl\/index.php?rest_route=\/wp\/v2\/types\/page"}],"author":[{"embeddable":true,"href":"https:\/\/termishy.pl\/index.php?rest_route=\/wp\/v2\/users\/3"}],"replies":[{"embeddable":true,"href":"https:\/\/termishy.pl\/index.php?rest_route=%2Fwp%2Fv2%2Fcomments&post=16072"}],"version-history":[{"count":24,"href":"https:\/\/termishy.pl\/index.php?rest_route=\/wp\/v2\/pages\/16072\/revisions"}],"predecessor-version":[{"id":18008,"href":"https:\/\/termishy.pl\/index.php?rest_route=\/wp\/v2\/pages\/16072\/revisions\/18008"}],"wp:attachment":[{"href":"https:\/\/termishy.pl\/index.php?rest_route=%2Fwp%2Fv2%2Fmedia&parent=16072"}],"curies":[{"name":"wp","href":"https:\/\/api.w.org\/{rel}","templated":true}]}}